{"id":14,"date":"2021-09-16T18:52:54","date_gmt":"2021-09-16T18:52:54","guid":{"rendered":"https:\/\/sandra-maria-kropka.de\/?page_id=14"},"modified":"2021-09-18T13:19:48","modified_gmt":"2021-09-18T13:19:48","slug":"lady","status":"publish","type":"page","link":"https:\/\/sandra-maria-kropka.de\/?page_id=14","title":{"rendered":"Lady"},"content":{"rendered":"\n<figure class=\"wp-block-image\"><img loading=\"lazy\" width=\"458\" height=\"441\" src=\"https:\/\/sandra-maria-kropka.de\/wp-content\/uploads\/2021\/09\/grafik-7.png\" alt=\"\" class=\"wp-image-57\" srcset=\"https:\/\/sandra-maria-kropka.de\/wp-content\/uploads\/2021\/09\/grafik-7.png 458w, https:\/\/sandra-maria-kropka.de\/wp-content\/uploads\/2021\/09\/grafik-7-300x289.png 300w\" sizes=\"(max-width: 458px) 100vw, 458px\" \/><figcaption><br><br><\/figcaption><\/figure>\n\n\n\n<p><strong>Musik:<\/strong><\/p>\n\n\n\n<figure class=\"wp-block-image\"><img loading=\"lazy\" width=\"283\" height=\"29\" src=\"https:\/\/sandra-maria-kropka.de\/wp-content\/uploads\/2021\/09\/grafik-9.png\" alt=\"\" class=\"wp-image-59\"\/><\/figure>\n\n\n\n<p>Hilft dem K\u00f6rper und der Seele zu heilen, ihn aufzubauen, neue Energie zu wecken, geborgen in den Arm genommen zu werden, durck T\u00f6ne und Texte getr\u00f6stet zu werden. Meine Musik ist meist intuitiv gespielt, Mal medidativ, mal orientalisch, mal laut und hart.<\/p>\n\n\n\n<p><strong>Wortmagie:<\/strong><\/p>\n\n\n\n<p>W\u00f6rter haben macht, egal ob als Gedanke oder ausgesprochen. In meinen Texten und Songs achte ich dieses Prinzip und es entstehen sehr sch\u00f6ne Texte. Manchmal sprudeln diese nur aus mir heraus und k\u00f6nnen kaum erwarten auf Papier festgehalten zu werden, um dann mit anderen geteilt zu werden. Die meisten Wortmagien sind motivierend oder beschreiben neutral einen Zustand.<\/p>\n\n\n\n<p>Wenn Sie m\u00f6chten helfe ich gerne Ihre Gedankenflut zu Ordnen und zu Text zu bringen.<\/p>\n","protected":false},"excerpt":{"rendered":"<p>Musik: Hilft dem K\u00f6rper und der Seele zu heilen, ihn aufzubauen, neue Energie zu wecken, geborgen in den Arm genommen zu werden, durck T\u00f6ne und Texte getr\u00f6stet zu werden. Meine Musik ist meist intuitiv gespielt, Mal medidativ, mal orientalisch, mal laut und hart. Wortmagie: W\u00f6rter haben macht, egal ob als Gedanke oder ausgesprochen. In meinen &hellip; <\/p>\n<p class=\"link-more\"><a href=\"https:\/\/sandra-maria-kropka.de\/?page_id=14\" class=\"more-link\"><span class=\"screen-reader-text\">\u201eLady\u201c<\/span> weiterlesen<\/a><\/p>\n","protected":false},"author":1,"featured_media":0,"parent":0,"menu_order":0,"comment_status":"closed","ping_status":"closed","template":"","meta":[],"_links":{"self":[{"href":"https:\/\/sandra-maria-kropka.de\/index.php?rest_route=\/wp\/v2\/pages\/14"}],"collection":[{"href":"https:\/\/sandra-maria-kropka.de\/index.php?rest_route=\/wp\/v2\/pages"}],"about":[{"href":"https:\/\/sandra-maria-kropka.de\/index.php?rest_route=\/wp\/v2\/types\/page"}],"author":[{"embeddable":true,"href":"https:\/\/sandra-maria-kropka.de\/index.php?rest_route=\/wp\/v2\/users\/1"}],"replies":[{"embeddable":true,"href":"https:\/\/sandra-maria-kropka.de\/index.php?rest_route=%2Fwp%2Fv2%2Fcomments&post=14"}],"version-history":[{"count":3,"href":"https:\/\/sandra-maria-kropka.de\/index.php?rest_route=\/wp\/v2\/pages\/14\/revisions"}],"predecessor-version":[{"id":85,"href":"https:\/\/sandra-maria-kropka.de\/index.php?rest_route=\/wp\/v2\/pages\/14\/revisions\/85"}],"wp:attachment":[{"href":"https:\/\/sandra-maria-kropka.de\/index.php?rest_route=%2Fwp%2Fv2%2Fmedia&parent=14"}],"curies":[{"name":"wp","href":"https:\/\/api.w.org\/{rel}","templated":true}]}}