{"id":2,"date":"2016-05-10T03:48:21","date_gmt":"2016-05-10T03:48:21","guid":{"rendered":"http:\/\/sandra-maria-kropka.de\/?page_id=2"},"modified":"2023-04-06T06:28:57","modified_gmt":"2023-04-06T06:28:57","slug":"sample-page","status":"publish","type":"page","link":"https:\/\/sandra-maria-kropka.de\/?page_id=2","title":{"rendered":"Sita Maria"},"content":{"rendered":"\n<figure class=\"wp-block-image\"><img loading=\"lazy\" width=\"505\" height=\"445\" src=\"https:\/\/sandra-maria-kropka.de\/wp-content\/uploads\/2021\/09\/grafik-6.png\" alt=\"\" class=\"wp-image-55\" srcset=\"https:\/\/sandra-maria-kropka.de\/wp-content\/uploads\/2021\/09\/grafik-6.png 505w, https:\/\/sandra-maria-kropka.de\/wp-content\/uploads\/2021\/09\/grafik-6-300x264.png 300w\" sizes=\"(max-width: 505px) 100vw, 505px\" \/><\/figure>\n\n\n<p><strong>Coaching &amp; Heilung<\/strong><\/p>\n<p>Dann, wenn der Geist zu dem K\u00f6rper sagt: \u201emach mal, auf mich h\u00f6rt der Mensch nicht.\u201c<\/p>\n<p>Man kann andere und bestimmte Situationen nicht \u00e4ndern, aber sich und seine Einstellung.<span class=\"Apple-converted-space\">&nbsp; <\/span><\/p>\n<p><em>In jedem Menschen steckt eine Vielfalt an sch\u00f6pferischen Potenzial, dieses gilt es zu entdecken. Diese werden oft durch Blockaden und Energielosigkeit im Leben aufgezeigt.<span class=\"Apple-converted-space\">&nbsp;<\/span><\/em><\/p>\n<p>Manchmal dreht man sich im Kreis. Mal bewusst, mal unbewusst. Den Blickwinkel zu \u00e4ndern f\u00e4llt nicht immer leicht. Manchmal sieht man die L\u00f6sung vor Augen nicht, wei\u00df aber, dass diese eigentlich zum greifen nah ist. Um alte Muster oder Verstrickungen bei kleinen oder gro\u00dfen Lebensthemen zu entdecke braucht man manchmal die Hilfe von einer au\u00dfenstehenden Person. Ebenso zeigt es sich auch in k\u00f6rperlichen Beschwerden.<\/p>\n<p><strong>Kartenlegen:<\/strong><\/p>\n<p>Ob Sie selber schon auf dem richtigen Weg sind, kann ich auch mit den Tarotkarten\/Lenormandkarten die ich lege, sehen. Mit den Karten k\u00f6nnen Sie die Situation auch besser sehen und erkennen evtl. die Zusammenh\u00e4nge. In Verbindung mit dem feinstoffliches Lesen kann eine wertvolle Unterst\u00fctzung sein.<\/p>\n<p><strong>Feinstoffliches sehen:<\/strong><\/p>\n<p>Unsere Aura enth\u00e4lt Informationen von unserer Vergangenheit (verschiedene Leben und jetzigem) &#8211; Gegenwart &#8211; Zukunft. Um an diese Ureigene Information wieder zu gelangen verwende ich eine feinstoffliche Lese Technik. Damit Sie Hilfestellungen haben, die Ihnen helfen Ihren eigenen Weg am besten zu gehen und an diesem zu wachsen.<span class=\"Apple-converted-space\">&nbsp;<\/span><\/p>\n<p><strong>Life Coaching:<\/strong><\/p>\n<p>Mit dem feinstofflichen sehen, den Lebensweg sehen und wozu man hier auf Erden ist. Es wird Sie viel Kraft, Mut, \u00dcberwindung und Ausdauer kosten, aber mit jeden neuen Schritt den Sie geschafft haben, wird neue Kraft frei um dann sich selber voll und ganz leben und erleben zu k\u00f6nnen. Somit das Leben endlich in der eigenen Kraft voll Power leben zu k\u00f6nnen.<\/p>\n<p><strong>Kontakt mit Verstorbenen:<\/strong><\/p>\n<p>Durch&nbsp; das feinstofflichen Sehen und Kontakt zur feinstofflichen Welt. Wird der Kontakt mit dem Menschen, den man hier auf erden vermisst aufgebaut und ggf. noch gespr\u00e4che die einem auf dem Herzen liegen, durch mich vermittelt.<\/p>\n<p><strong>Astral Chirurgie:<\/strong><\/p>\n<p>Verletzungen aus Vergangenen so wie diesen Leben sind im feinstofflichen K\u00f6rper verankert. Mit verschiedenen Techniken kann behandelt werden, unter anderem Verwendet bei Schmerzen, Allergien, Blockaden (die man selber nicht l\u00f6sen kann, manche darf man selber l\u00f6sen um seinen Weg zu gehen), Energieverlusst, und vieles mehr.<\/p>\n<p><strong>Seminare:<\/strong><\/p>\n<ul>\n<li>R\u00e4uchern<\/li>\n<li>Mind Control<\/li>\n<li>Schutz<\/li>\n<li>Sexualit\u00e4t<\/li>\n<li>Selbstliebe<\/li>\n<li>Kinderseminare<\/li>\n<\/ul>\n<p><strong>Preise<\/strong>:<\/p>\n<p>Karten legen: &nbsp; &nbsp; &nbsp; &nbsp; &nbsp; &nbsp; &nbsp; &nbsp; &nbsp; &nbsp; &nbsp; &nbsp; &nbsp; &nbsp; &nbsp; &nbsp; &nbsp; &nbsp; &nbsp; &nbsp; &nbsp; 60,- \u20ac \/ Stunde<\/p>\n<p>Feinstoffliche sehen: &nbsp; &nbsp; &nbsp; &nbsp; &nbsp; &nbsp; &nbsp; &nbsp; &nbsp; &nbsp; &nbsp; &nbsp;&nbsp; 60,-\u20ac \/ Stunde<\/p>\n<p>Life Coaching: &nbsp; &nbsp; &nbsp; &nbsp; &nbsp; &nbsp; &nbsp; &nbsp; &nbsp; &nbsp; &nbsp; &nbsp; &nbsp;&nbsp; &nbsp; &nbsp; &nbsp; &nbsp;&nbsp; &nbsp;&nbsp; 60,-\u20ac \/ Stunde<\/p>\n<p>Kontakt mit Verstorbenen: &nbsp; &nbsp; &nbsp; &nbsp; &nbsp; &nbsp;&nbsp; 60,-\u20ac \/ Stunde<\/p>\n<p>Astral Chirurgie:&nbsp;&nbsp;&nbsp;&nbsp;&nbsp;&nbsp;&nbsp;&nbsp;&nbsp;&nbsp;&nbsp;&nbsp;&nbsp;&nbsp;&nbsp;&nbsp;&nbsp;&nbsp;&nbsp;&nbsp;&nbsp;&nbsp;&nbsp;&nbsp;&nbsp;&nbsp;&nbsp;&nbsp;&nbsp;&nbsp;&nbsp;&nbsp;&nbsp;&nbsp;&nbsp; 60,-\u20ac \/ Stunde<\/p>\n<p>Seminare:&nbsp;&nbsp;&nbsp;&nbsp;&nbsp;&nbsp;&nbsp;&nbsp;&nbsp;&nbsp;&nbsp;&nbsp;&nbsp;&nbsp;&nbsp;&nbsp;&nbsp;&nbsp;&nbsp;&nbsp;&nbsp;&nbsp;&nbsp;&nbsp;&nbsp;&nbsp;&nbsp;&nbsp;&nbsp;&nbsp;&nbsp;&nbsp;&nbsp;&nbsp;&nbsp;&nbsp;&nbsp;&nbsp;&nbsp;&nbsp;&nbsp;&nbsp;&nbsp;&nbsp;&nbsp;&nbsp;&nbsp;&nbsp; nach Vereinbarung<\/p>\n<p>Im Augenblick wird noch geschaut in wieweit auch mit Alternativen W\u00e4hrungen zu Zahlen geht, da es sehr viele verschiedene davon gibt.<\/p>\n<p>Daher gerade nur Schussentaler oder HC-Points.<\/p>\n<p><\/p>\n<p>Termin nach Vereinbarung<\/p>\n<p>Mobil: +491797573977<span class=\"Apple-converted-space\">&nbsp; <\/span><\/p>\n<p>Festnetz: +49751 958 683 74<\/p>\n<p><\/p>\n<p>Angebotene Behandlungsmethoden dienen ausschlie\u00dflich dazu, die Selbstheilungskr\u00e4fte zu aktivieren und ersetzen nicht den Besuch beim Arzt, Heilpraktiker oder anderen Therapeuten. Gem\u00e4\u00df des Urteils vom Bundesverfassungsgericht vom 02.03.2004, Az.: BvR 784\/03.<\/p>\n\n\n<p><\/p>\n","protected":false},"excerpt":{"rendered":"<p>Coaching &amp; Heilung Dann, wenn der Geist zu dem K\u00f6rper sagt: \u201emach mal, auf mich h\u00f6rt der Mensch nicht.\u201c Man kann andere und bestimmte Situationen nicht \u00e4ndern, aber sich und seine Einstellung.&nbsp; In jedem Menschen steckt eine Vielfalt an sch\u00f6pferischen Potenzial, dieses gilt es zu entdecken. Diese werden oft durch Blockaden und Energielosigkeit im Leben &hellip; <\/p>\n<p class=\"link-more\"><a href=\"https:\/\/sandra-maria-kropka.de\/?page_id=2\" class=\"more-link\"><span class=\"screen-reader-text\">\u201eSita Maria\u201c<\/span> weiterlesen<\/a><\/p>\n","protected":false},"author":1,"featured_media":0,"parent":0,"menu_order":0,"comment_status":"closed","ping_status":"closed","template":"","meta":[],"_links":{"self":[{"href":"https:\/\/sandra-maria-kropka.de\/index.php?rest_route=\/wp\/v2\/pages\/2"}],"collection":[{"href":"https:\/\/sandra-maria-kropka.de\/index.php?rest_route=\/wp\/v2\/pages"}],"about":[{"href":"https:\/\/sandra-maria-kropka.de\/index.php?rest_route=\/wp\/v2\/types\/page"}],"author":[{"embeddable":true,"href":"https:\/\/sandra-maria-kropka.de\/index.php?rest_route=\/wp\/v2\/users\/1"}],"replies":[{"embeddable":true,"href":"https:\/\/sandra-maria-kropka.de\/index.php?rest_route=%2Fwp%2Fv2%2Fcomments&post=2"}],"version-history":[{"count":13,"href":"https:\/\/sandra-maria-kropka.de\/index.php?rest_route=\/wp\/v2\/pages\/2\/revisions"}],"predecessor-version":[{"id":102,"href":"https:\/\/sandra-maria-kropka.de\/index.php?rest_route=\/wp\/v2\/pages\/2\/revisions\/102"}],"wp:attachment":[{"href":"https:\/\/sandra-maria-kropka.de\/index.php?rest_route=%2Fwp%2Fv2%2Fmedia&parent=2"}],"curies":[{"name":"wp","href":"https:\/\/api.w.org\/{rel}","templated":true}]}}