{"id":8,"date":"2021-09-16T18:49:37","date_gmt":"2021-09-16T18:49:37","guid":{"rendered":"https:\/\/sandra-maria-kropka.de\/?page_id=8"},"modified":"2023-04-06T06:30:06","modified_gmt":"2023-04-06T06:30:06","slug":"designwerkstatt","status":"publish","type":"page","link":"https:\/\/sandra-maria-kropka.de\/?page_id=8","title":{"rendered":"Designwerkstatt"},"content":{"rendered":"\n<p><strong>&nbsp;<\/strong><\/p>\n\n\n\n<figure class=\"wp-block-image size-large\"><img loading=\"lazy\" width=\"1024\" height=\"770\" src=\"https:\/\/sandra-maria-kropka.de\/wp-content\/uploads\/2021\/09\/Bildschirmfoto-2021-09-19-um-20.53.06-1024x770.png\" alt=\"\" class=\"wp-image-96\" srcset=\"https:\/\/sandra-maria-kropka.de\/wp-content\/uploads\/2021\/09\/Bildschirmfoto-2021-09-19-um-20.53.06-1024x770.png 1024w, https:\/\/sandra-maria-kropka.de\/wp-content\/uploads\/2021\/09\/Bildschirmfoto-2021-09-19-um-20.53.06-300x226.png 300w, https:\/\/sandra-maria-kropka.de\/wp-content\/uploads\/2021\/09\/Bildschirmfoto-2021-09-19-um-20.53.06-768x578.png 768w, https:\/\/sandra-maria-kropka.de\/wp-content\/uploads\/2021\/09\/Bildschirmfoto-2021-09-19-um-20.53.06-1536x1156.png 1536w, https:\/\/sandra-maria-kropka.de\/wp-content\/uploads\/2021\/09\/Bildschirmfoto-2021-09-19-um-20.53.06-2048x1541.png 2048w\" sizes=\"(max-width: 767px) 89vw, (max-width: 1000px) 54vw, (max-width: 1071px) 543px, 580px\" \/><\/figure>\n\n\n\n<p> <\/p>\n\n\n\n<figure class=\"wp-block-image\"><img loading=\"lazy\" width=\"575\" height=\"29\" src=\"https:\/\/sandra-maria-kropka.de\/wp-content\/uploads\/2021\/09\/grafik-2.png\" alt=\"\" class=\"wp-image-48\" srcset=\"https:\/\/sandra-maria-kropka.de\/wp-content\/uploads\/2021\/09\/grafik-2.png 575w, https:\/\/sandra-maria-kropka.de\/wp-content\/uploads\/2021\/09\/grafik-2-300x15.png 300w\" sizes=\"(max-width: 575px) 100vw, 575px\" \/><\/figure>\n\n\n\n<p>Als studierte Modedesignerin habe ich ein Auge f\u00fcr Stil,\nFarbe und Kombinationen. <\/p>\n\n\n\n<p><strong>Outfits: <\/strong><\/p>\n\n\n\n<p>da liegt es nahe, dass ich Entw\u00fcrfe anbiete. Diese k\u00f6nnen von einer professionellen Fachkraft umgesetzt werden. <\/p>\n\n\n\n<p><strong>Accessoires:<\/strong> <\/p>\n\n\n\n<p>runden jedes Outfit ab. Als Frau liebe ich Taschen und Schmuck, diese einzigartigen Lieblingsteile werden in liebevoller Handarbeit hergestellt.<\/p>\n\n\n\n<p><strong>Up-Cycling: <\/strong><\/p>\n\n\n\n<p>Ganz nach dem Motto: aus Alt mach Neugestalte und passe ich Outfits, R\u00e4ume, M\u00f6bel und Instrumente an und um. Nicht gerade perfekt aber Unikate mit Charme. Gerne k\u00f6nnen die Entw\u00fcrfe auch von Fachkr\u00e4ften ausgef\u00fchrt werden.<br><strong><br> <\/strong><\/p>\n\n\n\n<p><strong>Outfit Entw\u00fcrfe <\/strong><\/p>\n\n\n\n<ul><li>Beratung<\/li><li>Entwurf<\/li><li>Stilberatung<\/li><li>Verschiedene Anl\u00e4sse&nbsp; &nbsp;&nbsp;&nbsp;&nbsp;&nbsp;&nbsp;&nbsp;&nbsp;&nbsp;&nbsp;&nbsp;&nbsp;&nbsp;&nbsp;&nbsp; <\/li><li>Menschen<\/li><li>Larp \/ Crosplay<\/li><li>Theater&nbsp;&nbsp;&nbsp;&nbsp;&nbsp;&nbsp;&nbsp;&nbsp;&nbsp;&nbsp;&nbsp;&nbsp;&nbsp;&nbsp; <\/li><li>Bands<\/li><\/ul>\n\n\n\n<p><strong>Accessoires<\/strong><\/p>\n\n\n\n<ul><li>Schmuck<\/li><li>Taschen<\/li><\/ul>\n\n\n\n<p><strong>UP-Cycling<\/strong><\/p>\n\n\n\n<ul><li>Mode<\/li><li>Accessoires<\/li><li>Instrumente<\/li><li>Bilderrahmen<\/li><li>bestimmte Verpackungen<\/li><\/ul>\n\n\n\n<p><strong>Bilder<\/strong><\/p>\n\n\n\n<ul><li>Fotografie<\/li><li>Malen<\/li><li>Zeichnen<\/li><\/ul>\n\n\n\n<p><strong>Sonstiges<\/strong>&nbsp;&nbsp;&nbsp;&nbsp;&nbsp;&nbsp;&nbsp;&nbsp;&nbsp;&nbsp;&nbsp;&nbsp;&nbsp;&nbsp;&nbsp;&nbsp;&nbsp;&nbsp;&nbsp;&nbsp;&nbsp; <strong><\/strong><\/p>\n\n\n\n<figure class=\"wp-block-image\"><img src=\"https:\/\/scontent-muc2-1.xx.fbcdn.net\/v\/t1.6435-9\/45413365_2224754187806572_7356726533584584704_n.jpg?_nc_cat=101&amp;ccb=1-5&amp;_nc_sid=cdbe9c&amp;_nc_ohc=NAi0CpoI42gAX-UfJUR&amp;_nc_oc=AQlVk1eEJmkJnA0Jc_hv-9vkcNtSLkc-F4uAWSc9PcvkZH-UfuHzlwqZMHMrn9xDEQE&amp;_nc_ht=scontent-muc2-1.xx&amp;oh=71018837e6d25777cec55e5fb2bf7eff&amp;oe=616D8BFD\" alt=\"Keine Fotobeschreibung verf\u00fcgbar.\"\/><\/figure>\n","protected":false},"excerpt":{"rendered":"<p>&nbsp; Als studierte Modedesignerin habe ich ein Auge f\u00fcr Stil, Farbe und Kombinationen. Outfits: da liegt es nahe, dass ich Entw\u00fcrfe anbiete. Diese k\u00f6nnen von einer professionellen Fachkraft umgesetzt werden. Accessoires: runden jedes Outfit ab. Als Frau liebe ich Taschen und Schmuck, diese einzigartigen Lieblingsteile werden in liebevoller Handarbeit hergestellt. Up-Cycling: Ganz nach dem Motto: &hellip; <\/p>\n<p class=\"link-more\"><a href=\"https:\/\/sandra-maria-kropka.de\/?page_id=8\" class=\"more-link\"><span class=\"screen-reader-text\">\u201eDesignwerkstatt\u201c<\/span> weiterlesen<\/a><\/p>\n","protected":false},"author":1,"featured_media":0,"parent":0,"menu_order":0,"comment_status":"closed","ping_status":"closed","template":"","meta":[],"_links":{"self":[{"href":"https:\/\/sandra-maria-kropka.de\/index.php?rest_route=\/wp\/v2\/pages\/8"}],"collection":[{"href":"https:\/\/sandra-maria-kropka.de\/index.php?rest_route=\/wp\/v2\/pages"}],"about":[{"href":"https:\/\/sandra-maria-kropka.de\/index.php?rest_route=\/wp\/v2\/types\/page"}],"author":[{"embeddable":true,"href":"https:\/\/sandra-maria-kropka.de\/index.php?rest_route=\/wp\/v2\/users\/1"}],"replies":[{"embeddable":true,"href":"https:\/\/sandra-maria-kropka.de\/index.php?rest_route=%2Fwp%2Fv2%2Fcomments&post=8"}],"version-history":[{"count":8,"href":"https:\/\/sandra-maria-kropka.de\/index.php?rest_route=\/wp\/v2\/pages\/8\/revisions"}],"predecessor-version":[{"id":103,"href":"https:\/\/sandra-maria-kropka.de\/index.php?rest_route=\/wp\/v2\/pages\/8\/revisions\/103"}],"wp:attachment":[{"href":"https:\/\/sandra-maria-kropka.de\/index.php?rest_route=%2Fwp%2Fv2%2Fmedia&parent=8"}],"curies":[{"name":"wp","href":"https:\/\/api.w.org\/{rel}","templated":true}]}}